{"id":133,"date":"2020-02-20T09:50:37","date_gmt":"2020-02-20T08:50:37","guid":{"rendered":"https:\/\/human.wee-ti.de\/?page_id=133"},"modified":"2020-11-19T13:58:56","modified_gmt":"2020-11-19T12:58:56","slug":"agb","status":"publish","type":"page","link":"https:\/\/humanunlimited.de\/en\/agb\/","title":{"rendered":"GTC"},"content":{"rendered":"<h3 class=\"wp-block-heading\">\nAllgemeine Gesch\u00e4ftsbedingungen \n<\/h3>\n\n\n\n<p><strong>1.<\/strong>\n<strong>Leistungen\nvon human unlimited<\/strong><\/p>\n\n\n\n<p>Die\nvon der human unlimited GmbH (nachfolgend \u201ehuman unlimited\u201c) zu\nerbringenden Leistungen sind im Bestellformular geregelt.<\/p>\n\n\n\n<p><strong>2.<\/strong>\n<strong>Leistungen\ndes Partners<\/strong><\/p>\n\n\n\n<p><ol><li>\nDer Partner erbringt als Gegenleistung f\u00fcr die Leistungen von human unlimited die ebenfalls im Bestellformular geregelte Verg\u00fctung, die mit Eingang der Buchungsbest\u00e4tigung durch human unlimited in Rechnung gestellt wird.\n<\/li>\n\n<p><li>Die Zahlung erfolgt nach Rechnungsstellung. Der Rechnungsbetrag wird mit Rechnungseingang f\u00e4llig. <\/li><\/p>\n\n<p><li> Bei Zahlungsverzug des Partners ist human unlimited berechtigt, Verzugszinsen i.H.v. 9\u00a0% \u00fcber dem Basiszinssatz (\u00a7\u00a7 247 Abs. 1,  288 Abs. 2 BGB) p.a. zu fordern. Die Geltendmachung eines dar\u00fcberhinausgehenden Verzugsschadens bleibt human unlimited vorbehalten. In gleicher Weise ist der Partner berechtigt, den Nachweis zu f\u00fchren, dass ein Schaden \u00fcberhaupt nicht entstanden oder wesentlich niedriger ist, als von human unlimited geltend gemacht. <\/li><\/p><\/ol>\n\n\n\n<p><strong>3.<\/strong>\n<strong>Gew\u00e4hrleistung\nund Haftung des Partners<\/strong><\/p>\n\n\n\n<p><ol><li><p>\nDer Partner gew\u00e4hrleistet, dass er die erforderlichen\nNutzungsrechte f\u00fcr die von ihm verwendeten Namen, Logos, Grafiken,\nFotografien etc.h\u00e4lt\nund diese sowohl firmen- und markenrechtlich als auch\nwettbewerbsrechtlich uneingeschr\u00e4nkt zul\u00e4ssig und durch human\nunlimited nutzbar sind.<\/p><\/li>\n<li><p>\nDer\nPartner haftet f\u00fcr Schadenersatzanspr\u00fcche Dritter, die gleich aus\nwelchem Rechtsgrund im Zusammenhang mit einer Verletzung der\nGew\u00e4hrleistung gem\u00e4\u00df Ziffer 3.1 stehen, sowie allen f\u00fcr\nhuman unlimited damit verbundenen Aufwendungen (einschlie\u00dflich\nRechtsverteidigung).<\/p><\/li>\n\n<li><p>\nDer Partner ist verpflichtet, human unlimited von etwaigen\nSchadenersatzanspr\u00fcchen Dritter freizustellen.<\/p><\/li><\/ol><\/p>\n\n\n\n<p><strong>4.<\/strong>\n<strong>Gew\u00e4hrleistung\nund Haftung von human unlimited<\/strong><\/p>\n\n\n\n<p><ol><li><p>\nIm\nFalle der leichten Fahrl\u00e4ssigkeit haften human unlimited und seine\nErf\u00fcllungsgehilfen nur f\u00fcr die Verletzung wesentlicher\nVertragspflichten (wesentliche Vertragspflichten sind solche, deren\nErf\u00fcllung die ordnungsgem\u00e4\u00dfe Durchf\u00fchrung des Vertrags erst\nerm\u00f6glicht und auf deren Erf\u00fcllung der Partner daher regelm\u00e4\u00dfig\nvertrauen darf). Die Haftung von human unlimited und die seiner\nErf\u00fcllungsgehilfen ist in diesem Fall auf Ersatz der\nvertragstypischen und vorhersehbaren Sch\u00e4den und Aufwendungen\nbeschr\u00e4nkt.<\/p><\/li>\n\n<li><p>\nDie\nvorstehenden Haftungsausschl\u00fcsse und \u2013begrenzungen gelten nicht\nf\u00fcr die Haftung aus der \u00dcbernahme einer Garantie, bei arglistigem\nVerschweigen eines Mangels, bei Verletzung von Leben, K\u00f6rper oder\nGesundheit sowie f\u00fcr die Haftung nach dem Produkthaftungsgesetz.<\/p><\/li><\/ol><\/p>\n\n\n\n<p><strong>5.\nArbeitszeit und Arbeitsort<\/strong><\/p>\n\n\n\n<ol><li><p>\nhuman unlimited erbringt seine Dienstleistung in den Gesch\u00e4ftsr\u00e4umen\nvon human unlimited in D\u00fcsseldorf. Nach Absprache wird human\nunlimited seine Dienstleistung auch in Gesch\u00e4ftsr\u00e4umen des Partners\nerbringen, sofern die Projekterfordernisse dies notwendig erscheinen\nlassen.<\/p><\/li>\n\n\n\n<li><p>\nhuman\nunlimited gestaltet die Dienstzeit grunds\u00e4tzlich frei nach eigenem\nErmessen unter Ber\u00fccksichtigung der ihm obliegenden Aufgaben. human\nunlimited ist hinsichtlich der Art und Weise der Erbringung seiner\nT\u00e4tigkeit und Dienstausf\u00fchrung frei und Weisungen des Partners\nnicht unterworfen. Human unlimited erledigt die ihm vom Partner\n\u00fcbertragenen Aufgaben in eigener Verantwortung. Gegen\u00fcber anderen\nMitarbeiter*innen des Partners hat human unlimited keine\ndisziplinarische Weisungsbefugnis. \n<\/p><\/li><\/ol>\n\n\n\n<p><strong>6.\nGeheimhaltung<\/strong><\/p>\n\n\n\n<p>human\nunlimited verpflichtet sich \u00fcber den Inhalt dieser Vereinbarung und\nalle ihm im Zusammenhang mit seiner T\u00e4tigkeit f\u00fcr den Partner zur\nKenntnis gelangten gesch\u00e4ftlichen und betrieblichen Vorg\u00e4nge und\nAngelegenheiten, Betriebs- und Gesch\u00e4ftsgeheimnisse,\nGesch\u00e4ftskonzepte, Gesch\u00e4ftspl\u00e4ne und strategische Planungen des\nPartners und der mit ihm verbundenen Unternehmen strengstes\nStillschweigen zu bewahren und diese auch nach Beendigung der\nT\u00e4tigkeit f\u00fcr den Partner geheim zu halten und sie nicht zum\nNachteil des Partners zu verwenden. Die Weitergabe von Informationen\nim Zusammenhang mit der projektierten Aufgabenstellung an\nMitarbeiter*innen von human unlimited ist gestattet. Diese\nMitarbeiter unterliegen ebenfalls dieser Geheimhaltungsverpflichtung.\n\n<\/p>\n\n\n\n<p><strong>7.\nReferenzwerbung<\/strong><\/p>\n\n\n\n<p>human\nunlimited wird\ndas Recht einger\u00e4umt, mit dem Logo des Partners als Referenz zu\nwerben, insbesondere auf seiner Website und in sonstigen digitalen\nund\/oder analogen Medien. Zudem   ist human\nunlimited berechtigt,\n\u00fcber das Projekt und die Projektergebnisse zu berichten, wobei die\nGesch\u00e4ftsgeheimnisse des Partners jederzeit zu wahren sind.<\/p>\n\n\n\n<p><strong>8.\nAbwerbeverbot<\/strong><\/p>\n\n\n\n<p>Der\nPartner verpflichtet\nsich bei Meidung einer f\u00fcr jeden Fall der Zuwiderhandlung vom\nPartner an human\nunlimited zu\nzahlenden Vertragsstrafe in H\u00f6he von 100.000,&#8211; EUR, keine von human\nunlimited eingesetzten\nMitarbeiter*innen f\u00fcr die Laufzeit dieses Vertrages sowie f\u00fcr einen\nZeitraum von 2 Jahren nach Beendigung dieses Vertrages abzuwerben. \n<\/p>\n\n\n\n<p><strong>9.\nAnwendbares Recht, Gerichtsstand und Erf\u00fcllungsort<\/strong><\/p>\n\n\n\n<p>Es\ngilt deutsches Recht unter Ausschluss des UN-Kaufrechts.\nEntgegenstehende Gesch\u00e4ftsbedingungen des Partners sind ausdr\u00fccklich\nausgeschlossen. Soweit gesetzlich zul\u00e4ssig, wird als Erf\u00fcllungsort\nund Gerichtsstand D\u00fcsseldorf vereinbart. \n<\/p>\n\n\n\n<p>Stand:\nJanuar 2020<\/p>","protected":false},"excerpt":{"rendered":"<p>Allgemeine Gesch\u00e4ftsbedingungen 1. Leistungen von human unlimited Die von der human unlimited GmbH (nachfolgend \u201ehuman unlimited\u201c) zu erbringenden Leistungen sind im Bestellformular geregelt. 2. Leistungen des Partners Der Partner erbringt als Gegenleistung f\u00fcr die Leistungen von human unlimited die ebenfalls im Bestellformular geregelte Verg\u00fctung, die mit Eingang der Buchungsbest\u00e4tigung durch human unlimited in Rechnung gestellt [&hellip;]<\/p>","protected":false},"author":1,"featured_media":0,"parent":0,"menu_order":0,"comment_status":"closed","ping_status":"closed","template":"","meta":{"footnotes":""},"class_list":["post-133","page","type-page","status-publish","hentry"],"yoast_head":"<!-- This site is optimized with the Yoast SEO plugin v23.7 - https:\/\/yoast.com\/wordpress\/plugins\/seo\/ -->\n<title>AGB - human unlimited<\/title>\n<meta name=\"description\" content=\"Die allgemeinen Gesch\u00e4ftsbedingungen der humanunlimited. Die Agentur berichtet \u00fcber Rechte, Haftung und Leistung.\" \/>\n<meta name=\"robots\" content=\"index, follow, max-snippet:-1, max-image-preview:large, max-video-preview:-1\" \/>\n<link rel=\"canonical\" href=\"https:\/\/humanunlimited.de\/en\/agb\/\" \/>\n<meta property=\"og:locale\" content=\"en_GB\" \/>\n<meta property=\"og:type\" content=\"article\" \/>\n<meta property=\"og:title\" content=\"AGB - human unlimited\" \/>\n<meta property=\"og:description\" content=\"Die allgemeinen Gesch\u00e4ftsbedingungen der humanunlimited. Die Agentur berichtet \u00fcber Rechte, Haftung und Leistung.\" \/>\n<meta property=\"og:url\" content=\"https:\/\/humanunlimited.de\/en\/agb\/\" \/>\n<meta property=\"og:site_name\" content=\"human unlimited\" \/>\n<meta property=\"article:modified_time\" content=\"2020-11-19T12:58:56+00:00\" \/>\n<meta name=\"twitter:card\" content=\"summary_large_image\" \/>\n<meta name=\"twitter:label1\" content=\"Estimated reading time\" \/>\n\t<meta name=\"twitter:data1\" content=\"4 minutes\" \/>\n<script type=\"application\/ld+json\" class=\"yoast-schema-graph\">{\"@context\":\"https:\/\/schema.org\",\"@graph\":[{\"@type\":\"WebPage\",\"@id\":\"https:\/\/humanunlimited.de\/agb\/\",\"url\":\"https:\/\/humanunlimited.de\/agb\/\",\"name\":\"AGB - human unlimited\",\"isPartOf\":{\"@id\":\"https:\/\/humanunlimited.de\/#website\"},\"datePublished\":\"2020-02-20T08:50:37+00:00\",\"dateModified\":\"2020-11-19T12:58:56+00:00\",\"description\":\"Die allgemeinen Gesch\u00e4ftsbedingungen der humanunlimited. Die Agentur berichtet \u00fcber Rechte, Haftung und Leistung.\",\"breadcrumb\":{\"@id\":\"https:\/\/humanunlimited.de\/agb\/#breadcrumb\"},\"inLanguage\":\"en-GB\",\"potentialAction\":[{\"@type\":\"ReadAction\",\"target\":[\"https:\/\/humanunlimited.de\/agb\/\"]}]},{\"@type\":\"BreadcrumbList\",\"@id\":\"https:\/\/humanunlimited.de\/agb\/#breadcrumb\",\"itemListElement\":[{\"@type\":\"ListItem\",\"position\":1,\"name\":\"Home\",\"item\":\"https:\/\/humanunlimited.de\/\"},{\"@type\":\"ListItem\",\"position\":2,\"name\":\"AGB\"}]},{\"@type\":\"WebSite\",\"@id\":\"https:\/\/humanunlimited.de\/#website\",\"url\":\"https:\/\/humanunlimited.de\/\",\"name\":\"human unlimited\",\"description\":\"human is the next big thing\",\"potentialAction\":[{\"@type\":\"SearchAction\",\"target\":{\"@type\":\"EntryPoint\",\"urlTemplate\":\"https:\/\/humanunlimited.de\/?s={search_term_string}\"},\"query-input\":{\"@type\":\"PropertyValueSpecification\",\"valueRequired\":true,\"valueName\":\"search_term_string\"}}],\"inLanguage\":\"en-GB\"}]}<\/script>\n<!-- \/ Yoast SEO plugin. -->","yoast_head_json":{"title":"AGB - human unlimited","description":"Die allgemeinen Gesch\u00e4ftsbedingungen der humanunlimited. Die Agentur berichtet \u00fcber Rechte, Haftung und Leistung.","robots":{"index":"index","follow":"follow","max-snippet":"max-snippet:-1","max-image-preview":"max-image-preview:large","max-video-preview":"max-video-preview:-1"},"canonical":"https:\/\/humanunlimited.de\/en\/agb\/","og_locale":"en_GB","og_type":"article","og_title":"AGB - human unlimited","og_description":"Die allgemeinen Gesch\u00e4ftsbedingungen der humanunlimited. Die Agentur berichtet \u00fcber Rechte, Haftung und Leistung.","og_url":"https:\/\/humanunlimited.de\/en\/agb\/","og_site_name":"human unlimited","article_modified_time":"2020-11-19T12:58:56+00:00","twitter_card":"summary_large_image","twitter_misc":{"Estimated reading time":"4 minutes"},"schema":{"@context":"https:\/\/schema.org","@graph":[{"@type":"WebPage","@id":"https:\/\/humanunlimited.de\/agb\/","url":"https:\/\/humanunlimited.de\/agb\/","name":"AGB - human unlimited","isPartOf":{"@id":"https:\/\/humanunlimited.de\/#website"},"datePublished":"2020-02-20T08:50:37+00:00","dateModified":"2020-11-19T12:58:56+00:00","description":"Die allgemeinen Gesch\u00e4ftsbedingungen der humanunlimited. Die Agentur berichtet \u00fcber Rechte, Haftung und Leistung.","breadcrumb":{"@id":"https:\/\/humanunlimited.de\/agb\/#breadcrumb"},"inLanguage":"en-GB","potentialAction":[{"@type":"ReadAction","target":["https:\/\/humanunlimited.de\/agb\/"]}]},{"@type":"BreadcrumbList","@id":"https:\/\/humanunlimited.de\/agb\/#breadcrumb","itemListElement":[{"@type":"ListItem","position":1,"name":"Home","item":"https:\/\/humanunlimited.de\/"},{"@type":"ListItem","position":2,"name":"AGB"}]},{"@type":"WebSite","@id":"https:\/\/humanunlimited.de\/#website","url":"https:\/\/humanunlimited.de\/","name":"human unlimited","description":"human is the next big thing","potentialAction":[{"@type":"SearchAction","target":{"@type":"EntryPoint","urlTemplate":"https:\/\/humanunlimited.de\/?s={search_term_string}"},"query-input":{"@type":"PropertyValueSpecification","valueRequired":true,"valueName":"search_term_string"}}],"inLanguage":"en-GB"}]}},"_links":{"self":[{"href":"https:\/\/humanunlimited.de\/en\/wp-json\/wp\/v2\/pages\/133","targetHints":{"allow":["GET"]}}],"collection":[{"href":"https:\/\/humanunlimited.de\/en\/wp-json\/wp\/v2\/pages"}],"about":[{"href":"https:\/\/humanunlimited.de\/en\/wp-json\/wp\/v2\/types\/page"}],"author":[{"embeddable":true,"href":"https:\/\/humanunlimited.de\/en\/wp-json\/wp\/v2\/users\/1"}],"replies":[{"embeddable":true,"href":"https:\/\/humanunlimited.de\/en\/wp-json\/wp\/v2\/comments?post=133"}],"version-history":[{"count":3,"href":"https:\/\/humanunlimited.de\/en\/wp-json\/wp\/v2\/pages\/133\/revisions"}],"predecessor-version":[{"id":141,"href":"https:\/\/humanunlimited.de\/en\/wp-json\/wp\/v2\/pages\/133\/revisions\/141"}],"wp:attachment":[{"href":"https:\/\/humanunlimited.de\/en\/wp-json\/wp\/v2\/media?parent=133"}],"curies":[{"name":"wp","href":"https:\/\/api.w.org\/{rel}","templated":true}]}}