{"id":14,"date":"2020-01-22T10:16:37","date_gmt":"2020-01-22T09:16:37","guid":{"rendered":"http:\/\/localhost:8100\/?page_id=14"},"modified":"2026-02-16T11:12:32","modified_gmt":"2026-02-16T10:12:32","slug":"impressum","status":"publish","type":"page","link":"https:\/\/humanunlimited.de\/en\/impressum\/","title":{"rendered":"Imprint"},"content":{"rendered":"<h1>Herausgeber<\/h1>\n\n    \t<p>\n            human unlimited GmbH <br \/>\n            Speditionstrasse 13 <br \/>\n            40221 D\u00fcsseldorf <br \/>\n    \t\tE-Mail: hello@humanunlimited.de <br \/>\n    \t\t<br \/>\n    \t\tVertreten durch: Frank Dopheide <br \/>\n    \t\tSitz der Gesellschaft: D\u00fcsseldorf <br \/>\n    \t<\/p>\n\n    \t<h4 class=\"mt-4\">Registergericht<\/h4>\n\n    \t<p>\n\t\t\tAmtsgericht D\u00fcsseldorf\n\t\t\tRegisternummer: HRB 88245\n    \t<\/p>\n\n    \t<h4 class=\"mt-4\">Umsatzsteuer-Identifikationsnummer gem\u00e4\u00df \u00a727 a Umsatzsteuergesetz:<\/h4>\n\n    \t<p>\n    \t\tDE327025680\n    \t<\/p>\n\n\n        <h4 class=\"mt-4\">Bankverbindung:<\/h4>\n\n        <p>\n            IBAN: DE 7430 55 000000 93583342\n        <\/p>\n\n\n    \t<h4 class=\"mt-4\">Haftung f\u00fcr Inhalte<\/h4>\n\n    \t<p>\n\t\t\tAls Diensteanbieter sind wir gem\u00e4\u00df \u00a7 7 Abs.1 TMG f\u00fcr eigene Inhalte auf diesen Seiten nach den allgemeinen Gesetzen verantwortlich. Nach \u00a7\u00a7 8 bis 10 TMG sind wir als Diensteanbieter jedoch nicht verpflichtet, \u00fcbermittelte oder gespeicherte fremde Informationen zu \u00fcberwachen oder nach Umst\u00e4nden zu forschen, die auf eine rechtswidrige T\u00e4tigkeit hinweisen.\n\t\t<\/p>\n\n\t\t<p>\n\t\t\tVerpflichtungen zur Entfernung oder Sperrung der Nutzung von Informationen nach den allgemeinen Gesetzen bleiben hiervon unber\u00fchrt. Eine diesbez\u00fcgliche Haftung ist jedoch erst ab dem Zeitpunkt der Kenntnis einer konkreten Rechtsverletzung m\u00f6glich. Bei Bekanntwerden von entsprechenden Rechtsverletzungen werden wir diese Inhalte umgehend \n\t\t\tentfernen.\n\t\t<\/p>\n\n\t\t<h4 class=\"mt-4\">Haftung f\u00fcr Links<\/h4>\n\t\t<p>\n\t\t\tUnser Angebot enth\u00e4lt Links zu externen Webseiten Dritter, auf deren Inhalte wir keinen Einfluss haben. Deshalb k\u00f6nnen wir f\u00fcr diese fremden Inhalte auch keine Gew\u00e4hr \u00fcbernehmen. F\u00fcr die Inhalte der verlinkten Seiten ist stets der jeweilige Anbieter oder Betreiber der Seiten verantwortlich. Die verlinkten Seiten wurden zum Zeitpunkt der Verlinkung auf m\u00f6gliche Rechtsverst\u00f6\u00dfe \u00fcberpr\u00fcft. Rechtswidrige Inhalte waren zum Zeitpunkt der Verlinkung nicht erkennbar.\n\t\t<\/p>\n\n\t\t<p>\n\t\t\tEine permanente inhaltliche Kontrolle der verlinkten Seiten ist jedoch ohne konkrete Anhaltspunkte einer Rechtsverletzung nicht zumutbar. Bei Bekanntwerden von Rechtsverletzungen werden wir derartige Links umgehend entfernen.\n\t\t<\/p>\n\n\t\t<h4 class=\"mt-4\">Urheberrecht<\/h4>\n\t\t<p>\n\t\t\tDie durch die Seitenbetreiber erstellten Inhalte und Werke auf diesen Seiten unterliegen dem deutschen Urheberrecht. Die Vervielf\u00e4ltigung, Bearbeitung, Verbreitung und jede Art der Verwertung au\u00dferhalb der Grenzen des Urheberrechtes bed\u00fcrfen der schriftlichen Zustimmung des jeweiligen Autors bzw. Erstellers. Downloads und Kopien dieser Seite sind nur f\u00fcr den privaten, nicht kommerziellen Gebrauch gestattet.\n\t\t<\/p>\n\n\t\t<p>\n\t\t\tSoweit die Inhalte auf dieser Seite nicht vom Betreiber erstellt wurden, werden die Urheberrechte Dritter beachtet. Insbesondere werden Inhalte Dritter als solche gekennzeichnet. Sollten Sie trotzdem auf eine Urheberrechtsverletzung aufmerksam werden, bitten wir um einen entsprechenden Hinweis. Bei Bekanntwerden von Rechtsverletzungen werden wir derartige Inhalte umgehend entfernen.\n\t\t<\/p>\n\t\t<\/p>\n         <h4> <a href=\"https:\/\/rheinspace.de\" style=\"color:black\">Webdesign Agentur<\/a> &#038;\n            \n            <a href=\"https:\/\/rheinspace.de\/website-betreuung\/\" style=\"color:black\">Website Betreuung<\/a>\n        <\/h4> \n       <img decoding=\"async\" src=\"https:\/\/rheinspace.de\/wp-content\/uploads\/2025\/11\/RS_Logo.png\" alt=\"RHEINSPACE LOGO\" style=\"width: 25px; margin-right: 5px\"\/> \n\n       <a href=\"https:\/\/rheinspace.de\" style=\"color:black\"> RHEINSPACE GmbH<\/a>","protected":false},"excerpt":{"rendered":"<p>Herausgeber human unlimited GmbH Speditionstrasse 13 40221 D\u00fcsseldorf E-Mail: hello@humanunlimited.de Vertreten durch: Frank Dopheide Sitz der Gesellschaft: D\u00fcsseldorf Registergericht Amtsgericht D\u00fcsseldorf Registernummer: HRB 88245 Umsatzsteuer-Identifikationsnummer gem\u00e4\u00df \u00a727 a Umsatzsteuergesetz: DE327025680 Bankverbindung: IBAN: DE 7430 55 000000 93583342 Haftung f\u00fcr Inhalte Als Diensteanbieter sind wir gem\u00e4\u00df \u00a7 7 Abs.1 TMG f\u00fcr eigene Inhalte auf diesen Seiten [&hellip;]<\/p>","protected":false},"author":1,"featured_media":0,"parent":0,"menu_order":0,"comment_status":"closed","ping_status":"closed","template":"","meta":{"footnotes":""},"class_list":["post-14","page","type-page","status-publish","hentry"],"yoast_head":"<!-- This site is optimized with the Yoast SEO plugin v23.7 - https:\/\/yoast.com\/wordpress\/plugins\/seo\/ -->\n<title>Impressum - human unlimited<\/title>\n<meta name=\"description\" content=\"Im Impressum sind u. a. die Haftung f\u00fcr Inhalte und Links als auch das Urheberrecht f\u00fcr die Purpose-Agentur geregelt.\" \/>\n<meta name=\"robots\" content=\"index, follow, max-snippet:-1, max-image-preview:large, max-video-preview:-1\" \/>\n<link rel=\"canonical\" href=\"https:\/\/humanunlimited.de\/en\/impressum\/\" \/>\n<meta property=\"og:locale\" content=\"en_GB\" \/>\n<meta property=\"og:type\" content=\"article\" \/>\n<meta property=\"og:title\" content=\"Impressum - human unlimited\" \/>\n<meta property=\"og:description\" content=\"Im Impressum sind u. a. die Haftung f\u00fcr Inhalte und Links als auch das Urheberrecht f\u00fcr die Purpose-Agentur geregelt.\" \/>\n<meta property=\"og:url\" content=\"https:\/\/humanunlimited.de\/en\/impressum\/\" \/>\n<meta property=\"og:site_name\" content=\"human unlimited\" \/>\n<meta property=\"article:modified_time\" content=\"2026-02-16T10:12:32+00:00\" \/>\n<meta property=\"og:image\" content=\"https:\/\/rheinspace.de\/wp-content\/uploads\/2025\/11\/RS_Logo.png\" \/>\n<meta name=\"twitter:card\" content=\"summary_large_image\" \/>\n<meta name=\"twitter:label1\" content=\"Estimated reading time\" \/>\n\t<meta name=\"twitter:data1\" content=\"3 minutes\" \/>\n<script type=\"application\/ld+json\" class=\"yoast-schema-graph\">{\"@context\":\"https:\/\/schema.org\",\"@graph\":[{\"@type\":\"WebPage\",\"@id\":\"https:\/\/humanunlimited.de\/impressum\/\",\"url\":\"https:\/\/humanunlimited.de\/impressum\/\",\"name\":\"Impressum - human unlimited\",\"isPartOf\":{\"@id\":\"https:\/\/humanunlimited.de\/#website\"},\"primaryImageOfPage\":{\"@id\":\"https:\/\/humanunlimited.de\/impressum\/#primaryimage\"},\"image\":{\"@id\":\"https:\/\/humanunlimited.de\/impressum\/#primaryimage\"},\"thumbnailUrl\":\"https:\/\/rheinspace.de\/wp-content\/uploads\/2025\/11\/RS_Logo.png\",\"datePublished\":\"2020-01-22T09:16:37+00:00\",\"dateModified\":\"2026-02-16T10:12:32+00:00\",\"description\":\"Im Impressum sind u. a. die Haftung f\u00fcr Inhalte und Links als auch das Urheberrecht f\u00fcr die Purpose-Agentur geregelt.\",\"breadcrumb\":{\"@id\":\"https:\/\/humanunlimited.de\/impressum\/#breadcrumb\"},\"inLanguage\":\"en-GB\",\"potentialAction\":[{\"@type\":\"ReadAction\",\"target\":[\"https:\/\/humanunlimited.de\/impressum\/\"]}]},{\"@type\":\"ImageObject\",\"inLanguage\":\"en-GB\",\"@id\":\"https:\/\/humanunlimited.de\/impressum\/#primaryimage\",\"url\":\"https:\/\/rheinspace.de\/wp-content\/uploads\/2025\/11\/RS_Logo.png\",\"contentUrl\":\"https:\/\/rheinspace.de\/wp-content\/uploads\/2025\/11\/RS_Logo.png\"},{\"@type\":\"BreadcrumbList\",\"@id\":\"https:\/\/humanunlimited.de\/impressum\/#breadcrumb\",\"itemListElement\":[{\"@type\":\"ListItem\",\"position\":1,\"name\":\"Home\",\"item\":\"https:\/\/humanunlimited.de\/\"},{\"@type\":\"ListItem\",\"position\":2,\"name\":\"Impressum\"}]},{\"@type\":\"WebSite\",\"@id\":\"https:\/\/humanunlimited.de\/#website\",\"url\":\"https:\/\/humanunlimited.de\/\",\"name\":\"human unlimited\",\"description\":\"human is the next big thing\",\"potentialAction\":[{\"@type\":\"SearchAction\",\"target\":{\"@type\":\"EntryPoint\",\"urlTemplate\":\"https:\/\/humanunlimited.de\/?s={search_term_string}\"},\"query-input\":{\"@type\":\"PropertyValueSpecification\",\"valueRequired\":true,\"valueName\":\"search_term_string\"}}],\"inLanguage\":\"en-GB\"}]}<\/script>\n<!-- \/ Yoast SEO plugin. -->","yoast_head_json":{"title":"Impressum - human unlimited","description":"Im Impressum sind u. a. die Haftung f\u00fcr Inhalte und Links als auch das Urheberrecht f\u00fcr die Purpose-Agentur geregelt.","robots":{"index":"index","follow":"follow","max-snippet":"max-snippet:-1","max-image-preview":"max-image-preview:large","max-video-preview":"max-video-preview:-1"},"canonical":"https:\/\/humanunlimited.de\/en\/impressum\/","og_locale":"en_GB","og_type":"article","og_title":"Impressum - human unlimited","og_description":"Im Impressum sind u. a. die Haftung f\u00fcr Inhalte und Links als auch das Urheberrecht f\u00fcr die Purpose-Agentur geregelt.","og_url":"https:\/\/humanunlimited.de\/en\/impressum\/","og_site_name":"human unlimited","article_modified_time":"2026-02-16T10:12:32+00:00","og_image":[{"url":"https:\/\/rheinspace.de\/wp-content\/uploads\/2025\/11\/RS_Logo.png"}],"twitter_card":"summary_large_image","twitter_misc":{"Estimated reading time":"3 minutes"},"schema":{"@context":"https:\/\/schema.org","@graph":[{"@type":"WebPage","@id":"https:\/\/humanunlimited.de\/impressum\/","url":"https:\/\/humanunlimited.de\/impressum\/","name":"Impressum - human unlimited","isPartOf":{"@id":"https:\/\/humanunlimited.de\/#website"},"primaryImageOfPage":{"@id":"https:\/\/humanunlimited.de\/impressum\/#primaryimage"},"image":{"@id":"https:\/\/humanunlimited.de\/impressum\/#primaryimage"},"thumbnailUrl":"https:\/\/rheinspace.de\/wp-content\/uploads\/2025\/11\/RS_Logo.png","datePublished":"2020-01-22T09:16:37+00:00","dateModified":"2026-02-16T10:12:32+00:00","description":"Im Impressum sind u. a. die Haftung f\u00fcr Inhalte und Links als auch das Urheberrecht f\u00fcr die Purpose-Agentur geregelt.","breadcrumb":{"@id":"https:\/\/humanunlimited.de\/impressum\/#breadcrumb"},"inLanguage":"en-GB","potentialAction":[{"@type":"ReadAction","target":["https:\/\/humanunlimited.de\/impressum\/"]}]},{"@type":"ImageObject","inLanguage":"en-GB","@id":"https:\/\/humanunlimited.de\/impressum\/#primaryimage","url":"https:\/\/rheinspace.de\/wp-content\/uploads\/2025\/11\/RS_Logo.png","contentUrl":"https:\/\/rheinspace.de\/wp-content\/uploads\/2025\/11\/RS_Logo.png"},{"@type":"BreadcrumbList","@id":"https:\/\/humanunlimited.de\/impressum\/#breadcrumb","itemListElement":[{"@type":"ListItem","position":1,"name":"Home","item":"https:\/\/humanunlimited.de\/"},{"@type":"ListItem","position":2,"name":"Impressum"}]},{"@type":"WebSite","@id":"https:\/\/humanunlimited.de\/#website","url":"https:\/\/humanunlimited.de\/","name":"human unlimited","description":"human is the next big thing","potentialAction":[{"@type":"SearchAction","target":{"@type":"EntryPoint","urlTemplate":"https:\/\/humanunlimited.de\/?s={search_term_string}"},"query-input":{"@type":"PropertyValueSpecification","valueRequired":true,"valueName":"search_term_string"}}],"inLanguage":"en-GB"}]}},"_links":{"self":[{"href":"https:\/\/humanunlimited.de\/en\/wp-json\/wp\/v2\/pages\/14","targetHints":{"allow":["GET"]}}],"collection":[{"href":"https:\/\/humanunlimited.de\/en\/wp-json\/wp\/v2\/pages"}],"about":[{"href":"https:\/\/humanunlimited.de\/en\/wp-json\/wp\/v2\/types\/page"}],"author":[{"embeddable":true,"href":"https:\/\/humanunlimited.de\/en\/wp-json\/wp\/v2\/users\/1"}],"replies":[{"embeddable":true,"href":"https:\/\/humanunlimited.de\/en\/wp-json\/wp\/v2\/comments?post=14"}],"version-history":[{"count":16,"href":"https:\/\/humanunlimited.de\/en\/wp-json\/wp\/v2\/pages\/14\/revisions"}],"predecessor-version":[{"id":2369,"href":"https:\/\/humanunlimited.de\/en\/wp-json\/wp\/v2\/pages\/14\/revisions\/2369"}],"wp:attachment":[{"href":"https:\/\/humanunlimited.de\/en\/wp-json\/wp\/v2\/media?parent=14"}],"curies":[{"name":"wp","href":"https:\/\/api.w.org\/{rel}","templated":true}]}}